{"id":3286,"date":"2024-02-16T09:16:09","date_gmt":"2024-02-16T08:16:09","guid":{"rendered":"https:\/\/biochemie.lfp.cuni.cz\/?page_id=3286"},"modified":"2025-09-30T11:34:43","modified_gmt":"2025-09-30T09:34:43","slug":"exam-questions","status":"publish","type":"page","link":"https:\/\/biochemie.lfp.cuni.cz\/en\/exam-questions\/","title":{"rendered":"Exam Questions"},"content":{"rendered":"\n<div style=\"height:43px\" aria-hidden=\"true\" class=\"wp-block-spacer\"><\/div>\n\n\n\n<div class=\"wp-block-group\"><div class=\"wp-block-group__inner-container is-layout-constrained wp-block-group-is-layout-constrained\">\n<div class=\"wp-block-group accordion condensed-more margin-top-80\"><div class=\"wp-block-group__inner-container is-layout-constrained wp-block-group-is-layout-constrained\">\n<div class=\"wp-block-group\"><div class=\"wp-block-group__inner-container is-layout-constrained wp-block-group-is-layout-constrained\">\n<h3 class=\"wp-block-heading\">General Medicine<\/h3>\n\n\n\n<div class=\"wp-block-group\"><div class=\"wp-block-group__inner-container is-layout-constrained wp-block-group-is-layout-constrained\">\n<div class=\"wp-block-file\"><a id=\"wp-block-file--media-485f4d6f-9911-4262-97f6-3441034d5b86\" href=\"https:\/\/biochemie.lfp.cuni.cz\/wp-content\/uploads\/sites\/9\/2025\/09\/Final-Exam-Questions_2GM_2025_26.pdf\" target=\"_blank\" rel=\"noreferrer noopener\">Medical Chemistry and Biochemistry II<\/a><\/div>\n<\/div><\/div>\n<\/div><\/div>\n\n\n\n\n\n<div class=\"wp-block-group\"><div class=\"wp-block-group__inner-container is-layout-constrained wp-block-group-is-layout-constrained\">\n<h3 class=\"wp-block-heading\">Dentistry<\/h3>\n\n\n\n<div class=\"wp-block-group\"><div class=\"wp-block-group__inner-container is-layout-constrained wp-block-group-is-layout-constrained\">\n<div class=\"wp-block-file\"><a id=\"wp-block-file--media-51f52d2c-7f6b-42c6-be36-815090d4c8dd\" href=\"https:\/\/biochemie.lfp.cuni.cz\/wp-content\/uploads\/sites\/9\/2025\/09\/Final-Exam-Questions_1Dent_2025_26.pdf\" target=\"_blank\" rel=\"noreferrer noopener\">Chemistry and Biochemistry<\/a><\/div>\n<\/div><\/div>\n<\/div><\/div>\n\n\n<\/div><\/div>\n<\/div><\/div>\n\n\n\n<div style=\"height:276px\" aria-hidden=\"true\" class=\"wp-block-spacer\"><\/div>\n","protected":false},"excerpt":{"rendered":"<p>General Medicine Archiv V\u0161eobecn\u00e9 l\u00e9ka\u0159stv\u00ed Dentistry Archiv Zubn\u00ed l\u00e9ka\u0159stv\u00ed<\/p>\n","protected":false},"author":1,"featured_media":0,"parent":0,"menu_order":11,"comment_status":"closed","ping_status":"closed","template":"","meta":{"_acf_changed":false,"inline_featured_image":false,"footnotes":""},"coauthors":[83],"class_list":["post-3286","page","type-page","status-publish","hentry"],"acf":[],"_links":{"self":[{"href":"https:\/\/biochemie.lfp.cuni.cz\/en\/wp-json\/wp\/v2\/pages\/3286","targetHints":{"allow":["GET"]}}],"collection":[{"href":"https:\/\/biochemie.lfp.cuni.cz\/en\/wp-json\/wp\/v2\/pages"}],"about":[{"href":"https:\/\/biochemie.lfp.cuni.cz\/en\/wp-json\/wp\/v2\/types\/page"}],"author":[{"embeddable":true,"href":"https:\/\/biochemie.lfp.cuni.cz\/en\/wp-json\/wp\/v2\/users\/1"}],"replies":[{"embeddable":true,"href":"https:\/\/biochemie.lfp.cuni.cz\/en\/wp-json\/wp\/v2\/comments?post=3286"}],"version-history":[{"count":4,"href":"https:\/\/biochemie.lfp.cuni.cz\/en\/wp-json\/wp\/v2\/pages\/3286\/revisions"}],"predecessor-version":[{"id":3460,"href":"https:\/\/biochemie.lfp.cuni.cz\/en\/wp-json\/wp\/v2\/pages\/3286\/revisions\/3460"}],"wp:attachment":[{"href":"https:\/\/biochemie.lfp.cuni.cz\/en\/wp-json\/wp\/v2\/media?parent=3286"}],"wp:term":[{"taxonomy":"author","embeddable":true,"href":"https:\/\/biochemie.lfp.cuni.cz\/en\/wp-json\/wp\/v2\/coauthors?post=3286"}],"curies":[{"name":"wp","href":"https:\/\/api.w.org\/{rel}","templated":true}]}}